{"id":537,"date":"2025-06-23T16:17:11","date_gmt":"2025-06-23T14:17:11","guid":{"rendered":"https:\/\/boitesurmesure.com\/?page_id=537"},"modified":"2025-06-26T11:38:00","modified_gmt":"2025-06-26T09:38:00","slug":"fabrication","status":"publish","type":"page","link":"https:\/\/boitesurmesure.com\/index.php\/fabrication\/","title":{"rendered":"Fabrication"},"content":{"rendered":"\n<h3 class=\"wp-block-heading has-text-align-center\">\ud83d\udccf Comment bien prendre les mesures pour votre bo\u00eete<\/h3>\n\n\n\n<p class=\"has-text-align-center\">Pour garantir que votre bo\u00eete \u00e9pouse parfaitement la forme de votre mod\u00e8le, il est essentiel de mesurer <strong>au plus serr\u00e9<\/strong>, sans laisser de jeu.<\/p>\n\n\n\n<p class=\"has-text-align-center\">\ud83d\udc49 <strong>Astuce pratique<\/strong> : placez votre mod\u00e8le <strong>entre deux bo\u00eetes ou objets stables<\/strong> pour le maintenir <strong>immobile<\/strong>. Cela vous permet d\u2019avoir les <strong>mains libres<\/strong> et de mesurer avec pr\u00e9cision la <strong>hauteur<\/strong>, la <strong>largeur<\/strong> et la <strong>profondeur<\/strong>.<\/p>\n\n\n\n<p class=\"has-text-align-center\">\ud83c\udfaf <strong>L\u2019objectif est simple : que le mod\u00e8le soit bien maintenu dans sa bo\u00eete, sans jeu, pour garantir sa protection pendant le transport.<\/strong><\/p>\n\n\n\n\t<div class=\"wp-spaios-slider-wrap wp-spaios-row-clearfix\" data-conf=\"{&quot;arrow&quot;:&quot;true&quot;,&quot;pagination&quot;:&quot;true&quot;,&quot;speed&quot;:&quot;1000&quot;,&quot;autoplay&quot;:&quot;true&quot;,&quot;autoplay_speed&quot;:&quot;3000&quot;,&quot;loop&quot;:&quot;true&quot;,&quot;slide_to_show_3d&quot;:3,&quot;slide_show_tablet_3d&quot;:1,&quot;slide_show_mobile_3d&quot;:1,&quot;slide_to_scroll_3d&quot;:1,&quot;centermode_3d&quot;:&quot;false&quot;,&quot;space_between_3d&quot;:0,&quot;auto_stop_3d&quot;:&quot;false&quot;,&quot;depth&quot;:20,&quot;modifier&quot;:20}\">\n\t\t<div class=\"wp-spaios-slider wp-spaios-3dslider wp-spaios-gallery swiper-container\" id=\"wp-spaios-3dslider-1\" style=\"\">\n\t\t\t\t\t\t<div class=\"swiper-wrapper\">\n\t\t\t\r\n<div class=\"swiper-slide\">\r\n\t\t\t<a class=\"wp-spaios-img-link\" href=\"https:\/\/boitesurmesure.com\/wp-content\/uploads\/2024\/11\/IMG_20241016_191954-1024x768.jpg\" data-fancybox=\"gallery\" data-options=\"{&quot;loop&quot;:&quot;true&quot;,&quot;transitionEffect&quot;:&quot;slide&quot;}\">\r\n\t\t\t<img decoding=\"async\" class=\"wp-spaios-slider-image\" src=\"https:\/\/boitesurmesure.com\/wp-content\/uploads\/2024\/11\/IMG_20241016_191954-1024x768.jpg\" alt=\"\" title=\"IMG_20241016_191954\" \/>\r\n\t\t<\/a>\r\n\t<\/div>\r\n<div class=\"swiper-slide\">\r\n\t\t\t<a class=\"wp-spaios-img-link\" href=\"https:\/\/boitesurmesure.com\/wp-content\/uploads\/2024\/11\/IMG_20241016_192055-768x1024.jpg\" data-fancybox=\"gallery\" data-options=\"{&quot;loop&quot;:&quot;true&quot;,&quot;transitionEffect&quot;:&quot;slide&quot;}\">\r\n\t\t\t<img decoding=\"async\" class=\"wp-spaios-slider-image\" src=\"https:\/\/boitesurmesure.com\/wp-content\/uploads\/2024\/11\/IMG_20241016_192055-768x1024.jpg\" alt=\"\" title=\"IMG_20241016_192055\" \/>\r\n\t\t<\/a>\r\n\t<\/div>\r\n<div class=\"swiper-slide\">\r\n\t\t\t<a class=\"wp-spaios-img-link\" href=\"https:\/\/boitesurmesure.com\/wp-content\/uploads\/2024\/11\/IMG_20241016_192227-768x1024.jpg\" data-fancybox=\"gallery\" data-options=\"{&quot;loop&quot;:&quot;true&quot;,&quot;transitionEffect&quot;:&quot;slide&quot;}\">\r\n\t\t\t<img decoding=\"async\" class=\"wp-spaios-slider-image\" src=\"https:\/\/boitesurmesure.com\/wp-content\/uploads\/2024\/11\/IMG_20241016_192227-768x1024.jpg\" alt=\"\" title=\"IMG_20241016_192227\" \/>\r\n\t\t<\/a>\r\n\t<\/div>\r\n<div class=\"swiper-slide\">\r\n\t\t\t<a class=\"wp-spaios-img-link\" href=\"https:\/\/boitesurmesure.com\/wp-content\/uploads\/2025\/06\/IMG-20241126-WA0000-768x1024.jpg\" data-fancybox=\"gallery\" data-options=\"{&quot;loop&quot;:&quot;true&quot;,&quot;transitionEffect&quot;:&quot;slide&quot;}\">\r\n\t\t\t<img decoding=\"async\" class=\"wp-spaios-slider-image\" src=\"https:\/\/boitesurmesure.com\/wp-content\/uploads\/2025\/06\/IMG-20241126-WA0000-768x1024.jpg\" alt=\"\" title=\"IMG-20241126-WA0000\" \/>\r\n\t\t<\/a>\r\n\t<\/div>\r\n<div class=\"swiper-slide\">\r\n\t\t\t<a class=\"wp-spaios-img-link\" href=\"https:\/\/boitesurmesure.com\/wp-content\/uploads\/2025\/06\/IMG-20241126-WA0001-768x1024.jpg\" data-fancybox=\"gallery\" data-options=\"{&quot;loop&quot;:&quot;true&quot;,&quot;transitionEffect&quot;:&quot;slide&quot;}\">\r\n\t\t\t<img decoding=\"async\" class=\"wp-spaios-slider-image\" src=\"https:\/\/boitesurmesure.com\/wp-content\/uploads\/2025\/06\/IMG-20241126-WA0001-768x1024.jpg\" alt=\"\" title=\"IMG-20241126-WA0001\" \/>\r\n\t\t<\/a>\r\n\t<\/div>\r\n<div class=\"swiper-slide\">\r\n\t\t\t<a class=\"wp-spaios-img-link\" href=\"https:\/\/boitesurmesure.com\/wp-content\/uploads\/2025\/06\/IMG-20241126-WA0003-1024x768.jpg\" data-fancybox=\"gallery\" data-options=\"{&quot;loop&quot;:&quot;true&quot;,&quot;transitionEffect&quot;:&quot;slide&quot;}\">\r\n\t\t\t<img decoding=\"async\" class=\"wp-spaios-slider-image\" src=\"https:\/\/boitesurmesure.com\/wp-content\/uploads\/2025\/06\/IMG-20241126-WA0003-1024x768.jpg\" alt=\"\" title=\"IMG-20241126-WA0003\" \/>\r\n\t\t<\/a>\r\n\t<\/div>\r\n<div class=\"swiper-slide\">\r\n\t\t\t<a class=\"wp-spaios-img-link\" href=\"https:\/\/boitesurmesure.com\/wp-content\/uploads\/2025\/06\/IMG-20241126-WA0002-768x1024.jpg\" data-fancybox=\"gallery\" data-options=\"{&quot;loop&quot;:&quot;true&quot;,&quot;transitionEffect&quot;:&quot;slide&quot;}\">\r\n\t\t\t<img decoding=\"async\" class=\"wp-spaios-slider-image\" src=\"https:\/\/boitesurmesure.com\/wp-content\/uploads\/2025\/06\/IMG-20241126-WA0002-768x1024.jpg\" alt=\"\" title=\"IMG-20241126-WA0002\" \/>\r\n\t\t<\/a>\r\n\t<\/div>\t\t\t\t\t\t<\/div>\n\t\t\t\t\t\t\t\t<div class=\"swiper-button-next\"><\/div>\n\t\t\t\t\t<div class=\"swiper-button-prev\"><\/div>\n\t\t\t\t\t\t\t\t\t<div class=\"swiper-pagination\"><\/div>\n\t\t\t\t\t\t<\/div>\n\t<\/div>\n\t\n\n\n\n<p><\/p>\n\n\n\n<p><\/p>\n\n\n\n<h3 class=\"wp-block-heading has-text-align-center\">\u2702\ufe0f Fabrication artisanale, \u00e9tape par \u00e9tape <\/h3>\n\n\n\n<p class=\"has-text-align-center\">Chaque bo\u00eete que je r\u00e9alise est enti\u00e8rement fabriqu\u00e9e \u00e0 la main, dans mon atelier situ\u00e9 en Belgique, avec soin et pr\u00e9cision.<\/p>\n\n\n\n<p class=\"has-text-align-center\">Du premier trait de d\u00e9coupe jusqu\u2019aux finitions, je mets un point d\u2019honneur \u00e0 proposer un travail propre, robuste et adapt\u00e9 \u00e0 chaque besoin. Les mat\u00e9riaux sont choisis pour leur l\u00e9g\u00e8ret\u00e9 et leur solidit\u00e9, notamment le styrodur de 20 mm qui garantit une excellente protection.<\/p>\n\n\n\n<p class=\"has-text-align-center\">\u00c0 travers cette galerie, je vous invite \u00e0 d\u00e9couvrir les coulisses de la fabrication :<br>\ud83d\udc49 D\u00e9coupe, assemblage, ajustements, ajout des poign\u00e9es, des logos personnalis\u00e9s\u2026<br>Tout est fait sur mesure, selon votre projet.<\/p>\n\n\n\n<p class=\"has-text-align-center\">\ud83d\udd27 <em>Un savoir-faire artisanal pour des bo\u00eetes qui durent.<\/em><\/p>\n\n\n\n\t<div class=\"wp-spaios-slider-wrap wp-spaios-row-clearfix\" data-conf=\"{&quot;arrow&quot;:&quot;true&quot;,&quot;pagination&quot;:&quot;true&quot;,&quot;speed&quot;:&quot;1000&quot;,&quot;autoplay&quot;:&quot;true&quot;,&quot;autoplay_speed&quot;:&quot;3000&quot;,&quot;loop&quot;:&quot;true&quot;,&quot;slide_to_show_3d&quot;:3,&quot;slide_show_tablet_3d&quot;:1,&quot;slide_show_mobile_3d&quot;:1,&quot;slide_to_scroll_3d&quot;:1,&quot;centermode_3d&quot;:&quot;false&quot;,&quot;space_between_3d&quot;:0,&quot;auto_stop_3d&quot;:&quot;false&quot;,&quot;depth&quot;:20,&quot;modifier&quot;:20}\">\n\t\t<div class=\"wp-spaios-slider wp-spaios-3dslider wp-spaios-gallery swiper-container\" id=\"wp-spaios-3dslider-2\" style=\"\">\n\t\t\t\t\t\t<div class=\"swiper-wrapper\">\n\t\t\t\r\n<div class=\"swiper-slide\">\r\n\t\t\t<a class=\"wp-spaios-img-link\" href=\"https:\/\/boitesurmesure.com\/wp-content\/uploads\/2024\/11\/IMG_20241010_182853-1024x768.jpg\" data-fancybox=\"gallery\" data-options=\"{&quot;loop&quot;:&quot;true&quot;,&quot;transitionEffect&quot;:&quot;slide&quot;}\">\r\n\t\t\t<img decoding=\"async\" class=\"wp-spaios-slider-image\" src=\"https:\/\/boitesurmesure.com\/wp-content\/uploads\/2024\/11\/IMG_20241010_182853-1024x768.jpg\" alt=\"\" title=\"IMG_20241010_182853\" \/>\r\n\t\t<\/a>\r\n\t<\/div>\r\n<div class=\"swiper-slide\">\r\n\t\t\t<a class=\"wp-spaios-img-link\" href=\"https:\/\/boitesurmesure.com\/wp-content\/uploads\/2024\/11\/IMG_20241010_184658-1024x768.jpg\" data-fancybox=\"gallery\" data-options=\"{&quot;loop&quot;:&quot;true&quot;,&quot;transitionEffect&quot;:&quot;slide&quot;}\">\r\n\t\t\t<img decoding=\"async\" class=\"wp-spaios-slider-image\" src=\"https:\/\/boitesurmesure.com\/wp-content\/uploads\/2024\/11\/IMG_20241010_184658-1024x768.jpg\" alt=\"\" title=\"IMG_20241010_184658\" \/>\r\n\t\t<\/a>\r\n\t<\/div>\r\n<div class=\"swiper-slide\">\r\n\t\t\t<a class=\"wp-spaios-img-link\" href=\"https:\/\/boitesurmesure.com\/wp-content\/uploads\/2024\/11\/IMG_20241020_152537-1024x768.jpg\" data-fancybox=\"gallery\" data-options=\"{&quot;loop&quot;:&quot;true&quot;,&quot;transitionEffect&quot;:&quot;slide&quot;}\">\r\n\t\t\t<img decoding=\"async\" class=\"wp-spaios-slider-image\" src=\"https:\/\/boitesurmesure.com\/wp-content\/uploads\/2024\/11\/IMG_20241020_152537-1024x768.jpg\" alt=\"\" title=\"IMG_20241020_152537\" \/>\r\n\t\t<\/a>\r\n\t<\/div>\r\n<div class=\"swiper-slide\">\r\n\t\t\t<a class=\"wp-spaios-img-link\" href=\"https:\/\/boitesurmesure.com\/wp-content\/uploads\/2024\/11\/IMG_20241021_171800-1024x768.jpg\" data-fancybox=\"gallery\" data-options=\"{&quot;loop&quot;:&quot;true&quot;,&quot;transitionEffect&quot;:&quot;slide&quot;}\">\r\n\t\t\t<img decoding=\"async\" class=\"wp-spaios-slider-image\" src=\"https:\/\/boitesurmesure.com\/wp-content\/uploads\/2024\/11\/IMG_20241021_171800-1024x768.jpg\" alt=\"\" title=\"IMG_20241021_171800\" \/>\r\n\t\t<\/a>\r\n\t<\/div>\r\n<div class=\"swiper-slide\">\r\n\t\t\t<a class=\"wp-spaios-img-link\" href=\"https:\/\/boitesurmesure.com\/wp-content\/uploads\/2024\/11\/IMG_20241012_101538-1024x768.jpg\" data-fancybox=\"gallery\" data-options=\"{&quot;loop&quot;:&quot;true&quot;,&quot;transitionEffect&quot;:&quot;slide&quot;}\">\r\n\t\t\t<img decoding=\"async\" class=\"wp-spaios-slider-image\" src=\"https:\/\/boitesurmesure.com\/wp-content\/uploads\/2024\/11\/IMG_20241012_101538-1024x768.jpg\" alt=\"\" title=\"IMG_20241012_101538\" \/>\r\n\t\t<\/a>\r\n\t<\/div>\r\n<div class=\"swiper-slide\">\r\n\t\t\t<a class=\"wp-spaios-img-link\" href=\"https:\/\/boitesurmesure.com\/wp-content\/uploads\/2024\/11\/IMG_20241024_175942-1024x768.jpg\" data-fancybox=\"gallery\" data-options=\"{&quot;loop&quot;:&quot;true&quot;,&quot;transitionEffect&quot;:&quot;slide&quot;}\">\r\n\t\t\t<img decoding=\"async\" class=\"wp-spaios-slider-image\" src=\"https:\/\/boitesurmesure.com\/wp-content\/uploads\/2024\/11\/IMG_20241024_175942-1024x768.jpg\" alt=\"\" title=\"IMG_20241024_175942\" \/>\r\n\t\t<\/a>\r\n\t<\/div>\r\n<div class=\"swiper-slide\">\r\n\t\t\t<a class=\"wp-spaios-img-link\" href=\"https:\/\/boitesurmesure.com\/wp-content\/uploads\/2024\/11\/IMG_20241012_104412-1024x768.jpg\" data-fancybox=\"gallery\" data-options=\"{&quot;loop&quot;:&quot;true&quot;,&quot;transitionEffect&quot;:&quot;slide&quot;}\">\r\n\t\t\t<img decoding=\"async\" class=\"wp-spaios-slider-image\" src=\"https:\/\/boitesurmesure.com\/wp-content\/uploads\/2024\/11\/IMG_20241012_104412-1024x768.jpg\" alt=\"\" title=\"IMG_20241012_104412\" \/>\r\n\t\t<\/a>\r\n\t<\/div>\r\n<div class=\"swiper-slide\">\r\n\t\t\t<a class=\"wp-spaios-img-link\" href=\"https:\/\/boitesurmesure.com\/wp-content\/uploads\/2024\/11\/IMG_20241012_104408-1024x768.jpg\" data-fancybox=\"gallery\" data-options=\"{&quot;loop&quot;:&quot;true&quot;,&quot;transitionEffect&quot;:&quot;slide&quot;}\">\r\n\t\t\t<img decoding=\"async\" class=\"wp-spaios-slider-image\" src=\"https:\/\/boitesurmesure.com\/wp-content\/uploads\/2024\/11\/IMG_20241012_104408-1024x768.jpg\" alt=\"\" title=\"IMG_20241012_104408\" \/>\r\n\t\t<\/a>\r\n\t<\/div>\r\n<div class=\"swiper-slide\">\r\n\t\t\t<a class=\"wp-spaios-img-link\" href=\"https:\/\/boitesurmesure.com\/wp-content\/uploads\/2024\/11\/IMG_20241012_104348-768x1024.jpg\" data-fancybox=\"gallery\" data-options=\"{&quot;loop&quot;:&quot;true&quot;,&quot;transitionEffect&quot;:&quot;slide&quot;}\">\r\n\t\t\t<img decoding=\"async\" class=\"wp-spaios-slider-image\" src=\"https:\/\/boitesurmesure.com\/wp-content\/uploads\/2024\/11\/IMG_20241012_104348-768x1024.jpg\" alt=\"\" title=\"IMG_20241012_104348\" \/>\r\n\t\t<\/a>\r\n\t<\/div>\r\n<div class=\"swiper-slide\">\r\n\t\t\t<a class=\"wp-spaios-img-link\" href=\"https:\/\/boitesurmesure.com\/wp-content\/uploads\/2024\/11\/IMG_20241102_142943-1024x768.jpg\" data-fancybox=\"gallery\" data-options=\"{&quot;loop&quot;:&quot;true&quot;,&quot;transitionEffect&quot;:&quot;slide&quot;}\">\r\n\t\t\t<img decoding=\"async\" class=\"wp-spaios-slider-image\" src=\"https:\/\/boitesurmesure.com\/wp-content\/uploads\/2024\/11\/IMG_20241102_142943-1024x768.jpg\" alt=\"\" title=\"IMG_20241102_142943\" \/>\r\n\t\t<\/a>\r\n\t<\/div>\r\n<div class=\"swiper-slide\">\r\n\t\t\t<a class=\"wp-spaios-img-link\" href=\"https:\/\/boitesurmesure.com\/wp-content\/uploads\/2024\/11\/IMG_20241102_142956-1024x768.jpg\" data-fancybox=\"gallery\" data-options=\"{&quot;loop&quot;:&quot;true&quot;,&quot;transitionEffect&quot;:&quot;slide&quot;}\">\r\n\t\t\t<img decoding=\"async\" class=\"wp-spaios-slider-image\" src=\"https:\/\/boitesurmesure.com\/wp-content\/uploads\/2024\/11\/IMG_20241102_142956-1024x768.jpg\" alt=\"\" title=\"IMG_20241102_142956\" \/>\r\n\t\t<\/a>\r\n\t<\/div>\r\n<div class=\"swiper-slide\">\r\n\t\t\t<a class=\"wp-spaios-img-link\" href=\"https:\/\/boitesurmesure.com\/wp-content\/uploads\/2024\/11\/IMG_20241102_184721-1024x768.jpg\" data-fancybox=\"gallery\" data-options=\"{&quot;loop&quot;:&quot;true&quot;,&quot;transitionEffect&quot;:&quot;slide&quot;}\">\r\n\t\t\t<img decoding=\"async\" class=\"wp-spaios-slider-image\" src=\"https:\/\/boitesurmesure.com\/wp-content\/uploads\/2024\/11\/IMG_20241102_184721-1024x768.jpg\" alt=\"\" title=\"IMG_20241102_184721\" \/>\r\n\t\t<\/a>\r\n\t<\/div>\r\n<div class=\"swiper-slide\">\r\n\t\t\t<a class=\"wp-spaios-img-link\" href=\"https:\/\/boitesurmesure.com\/wp-content\/uploads\/2024\/11\/IMG_20241027_154252-1024x768.jpg\" data-fancybox=\"gallery\" data-options=\"{&quot;loop&quot;:&quot;true&quot;,&quot;transitionEffect&quot;:&quot;slide&quot;}\">\r\n\t\t\t<img decoding=\"async\" class=\"wp-spaios-slider-image\" src=\"https:\/\/boitesurmesure.com\/wp-content\/uploads\/2024\/11\/IMG_20241027_154252-1024x768.jpg\" alt=\"\" title=\"IMG_20241027_154252\" \/>\r\n\t\t<\/a>\r\n\t<\/div>\r\n<div class=\"swiper-slide\">\r\n\t\t\t<a class=\"wp-spaios-img-link\" href=\"https:\/\/boitesurmesure.com\/wp-content\/uploads\/2024\/11\/IMG_20241107_201324-1024x768.jpg\" data-fancybox=\"gallery\" data-options=\"{&quot;loop&quot;:&quot;true&quot;,&quot;transitionEffect&quot;:&quot;slide&quot;}\">\r\n\t\t\t<img decoding=\"async\" class=\"wp-spaios-slider-image\" src=\"https:\/\/boitesurmesure.com\/wp-content\/uploads\/2024\/11\/IMG_20241107_201324-1024x768.jpg\" alt=\"\" title=\"IMG_20241107_201324\" \/>\r\n\t\t<\/a>\r\n\t<\/div>\r\n<div class=\"swiper-slide\">\r\n\t\t\t<a class=\"wp-spaios-img-link\" href=\"https:\/\/boitesurmesure.com\/wp-content\/uploads\/2024\/11\/IMG_20241107_201338-1024x768.jpg\" data-fancybox=\"gallery\" data-options=\"{&quot;loop&quot;:&quot;true&quot;,&quot;transitionEffect&quot;:&quot;slide&quot;}\">\r\n\t\t\t<img decoding=\"async\" class=\"wp-spaios-slider-image\" src=\"https:\/\/boitesurmesure.com\/wp-content\/uploads\/2024\/11\/IMG_20241107_201338-1024x768.jpg\" alt=\"\" title=\"IMG_20241107_201338\" \/>\r\n\t\t<\/a>\r\n\t<\/div>\r\n<div class=\"swiper-slide\">\r\n\t\t\t<a class=\"wp-spaios-img-link\" href=\"https:\/\/boitesurmesure.com\/wp-content\/uploads\/2024\/11\/IMG_20241020_123645-768x1024.jpg\" data-fancybox=\"gallery\" data-options=\"{&quot;loop&quot;:&quot;true&quot;,&quot;transitionEffect&quot;:&quot;slide&quot;}\">\r\n\t\t\t<img decoding=\"async\" class=\"wp-spaios-slider-image\" src=\"https:\/\/boitesurmesure.com\/wp-content\/uploads\/2024\/11\/IMG_20241020_123645-768x1024.jpg\" alt=\"\" title=\"IMG_20241020_123645\" \/>\r\n\t\t<\/a>\r\n\t<\/div>\r\n<div class=\"swiper-slide\">\r\n\t\t\t<a class=\"wp-spaios-img-link\" href=\"https:\/\/boitesurmesure.com\/wp-content\/uploads\/2024\/11\/IMG_20241020_124021-768x1024.jpg\" data-fancybox=\"gallery\" data-options=\"{&quot;loop&quot;:&quot;true&quot;,&quot;transitionEffect&quot;:&quot;slide&quot;}\">\r\n\t\t\t<img decoding=\"async\" class=\"wp-spaios-slider-image\" src=\"https:\/\/boitesurmesure.com\/wp-content\/uploads\/2024\/11\/IMG_20241020_124021-768x1024.jpg\" alt=\"\" title=\"IMG_20241020_124021\" \/>\r\n\t\t<\/a>\r\n\t<\/div>\r\n<div class=\"swiper-slide\">\r\n\t\t\t<a class=\"wp-spaios-img-link\" href=\"https:\/\/boitesurmesure.com\/wp-content\/uploads\/2024\/11\/IMG_20241020_210056-768x1024.jpg\" data-fancybox=\"gallery\" data-options=\"{&quot;loop&quot;:&quot;true&quot;,&quot;transitionEffect&quot;:&quot;slide&quot;}\">\r\n\t\t\t<img decoding=\"async\" class=\"wp-spaios-slider-image\" src=\"https:\/\/boitesurmesure.com\/wp-content\/uploads\/2024\/11\/IMG_20241020_210056-768x1024.jpg\" alt=\"\" title=\"IMG_20241020_210056\" \/>\r\n\t\t<\/a>\r\n\t<\/div>\r\n<div class=\"swiper-slide\">\r\n\t\t\t<a class=\"wp-spaios-img-link\" href=\"https:\/\/boitesurmesure.com\/wp-content\/uploads\/2024\/11\/IMG_20241023_190657-768x1024.jpg\" data-fancybox=\"gallery\" data-options=\"{&quot;loop&quot;:&quot;true&quot;,&quot;transitionEffect&quot;:&quot;slide&quot;}\">\r\n\t\t\t<img decoding=\"async\" class=\"wp-spaios-slider-image\" src=\"https:\/\/boitesurmesure.com\/wp-content\/uploads\/2024\/11\/IMG_20241023_190657-768x1024.jpg\" alt=\"\" title=\"IMG_20241023_190657\" \/>\r\n\t\t<\/a>\r\n\t<\/div>\r\n<div class=\"swiper-slide\">\r\n\t\t\t<a class=\"wp-spaios-img-link\" href=\"https:\/\/boitesurmesure.com\/wp-content\/uploads\/2024\/11\/IMG_20241012_161125-1024x768.jpg\" data-fancybox=\"gallery\" data-options=\"{&quot;loop&quot;:&quot;true&quot;,&quot;transitionEffect&quot;:&quot;slide&quot;}\">\r\n\t\t\t<img decoding=\"async\" class=\"wp-spaios-slider-image\" src=\"https:\/\/boitesurmesure.com\/wp-content\/uploads\/2024\/11\/IMG_20241012_161125-1024x768.jpg\" alt=\"\" title=\"IMG_20241012_161125\" \/>\r\n\t\t<\/a>\r\n\t<\/div>\r\n<div class=\"swiper-slide\">\r\n\t\t\t<a class=\"wp-spaios-img-link\" href=\"https:\/\/boitesurmesure.com\/wp-content\/uploads\/2025\/06\/IMG_20250622_181224-1-1024x768.jpg\" data-fancybox=\"gallery\" data-options=\"{&quot;loop&quot;:&quot;true&quot;,&quot;transitionEffect&quot;:&quot;slide&quot;}\">\r\n\t\t\t<img decoding=\"async\" class=\"wp-spaios-slider-image\" src=\"https:\/\/boitesurmesure.com\/wp-content\/uploads\/2025\/06\/IMG_20250622_181224-1-1024x768.jpg\" alt=\"\" title=\"IMG_20250622_181224\" \/>\r\n\t\t<\/a>\r\n\t<\/div>\r\n<div class=\"swiper-slide\">\r\n\t\t\t<a class=\"wp-spaios-img-link\" href=\"https:\/\/boitesurmesure.com\/wp-content\/uploads\/2025\/06\/IMG_20250622_174718-1-1024x768.jpg\" data-fancybox=\"gallery\" data-options=\"{&quot;loop&quot;:&quot;true&quot;,&quot;transitionEffect&quot;:&quot;slide&quot;}\">\r\n\t\t\t<img decoding=\"async\" class=\"wp-spaios-slider-image\" src=\"https:\/\/boitesurmesure.com\/wp-content\/uploads\/2025\/06\/IMG_20250622_174718-1-1024x768.jpg\" alt=\"\" title=\"IMG_20250622_174718\" \/>\r\n\t\t<\/a>\r\n\t<\/div>\r\n<div class=\"swiper-slide\">\r\n\t\t\t<a class=\"wp-spaios-img-link\" href=\"https:\/\/boitesurmesure.com\/wp-content\/uploads\/2025\/06\/IMG_20250622_165253-1-1024x768.jpg\" data-fancybox=\"gallery\" data-options=\"{&quot;loop&quot;:&quot;true&quot;,&quot;transitionEffect&quot;:&quot;slide&quot;}\">\r\n\t\t\t<img decoding=\"async\" class=\"wp-spaios-slider-image\" src=\"https:\/\/boitesurmesure.com\/wp-content\/uploads\/2025\/06\/IMG_20250622_165253-1-1024x768.jpg\" alt=\"\" title=\"IMG_20250622_165253\" \/>\r\n\t\t<\/a>\r\n\t<\/div>\r\n<div class=\"swiper-slide\">\r\n\t\t\t<a class=\"wp-spaios-img-link\" href=\"https:\/\/boitesurmesure.com\/wp-content\/uploads\/2025\/06\/IMG_20250622_165200-1024x768.jpg\" data-fancybox=\"gallery\" data-options=\"{&quot;loop&quot;:&quot;true&quot;,&quot;transitionEffect&quot;:&quot;slide&quot;}\">\r\n\t\t\t<img decoding=\"async\" class=\"wp-spaios-slider-image\" src=\"https:\/\/boitesurmesure.com\/wp-content\/uploads\/2025\/06\/IMG_20250622_165200-1024x768.jpg\" alt=\"\" title=\"IMG_20250622_165200\" \/>\r\n\t\t<\/a>\r\n\t<\/div>\r\n<div class=\"swiper-slide\">\r\n\t\t\t<a class=\"wp-spaios-img-link\" href=\"https:\/\/boitesurmesure.com\/wp-content\/uploads\/2025\/06\/IMG_20250622_143735-768x1024.jpg\" data-fancybox=\"gallery\" data-options=\"{&quot;loop&quot;:&quot;true&quot;,&quot;transitionEffect&quot;:&quot;slide&quot;}\">\r\n\t\t\t<img decoding=\"async\" class=\"wp-spaios-slider-image\" src=\"https:\/\/boitesurmesure.com\/wp-content\/uploads\/2025\/06\/IMG_20250622_143735-768x1024.jpg\" alt=\"\" title=\"IMG_20250622_143735\" \/>\r\n\t\t<\/a>\r\n\t<\/div>\r\n<div class=\"swiper-slide\">\r\n\t\t\t<a class=\"wp-spaios-img-link\" href=\"https:\/\/boitesurmesure.com\/wp-content\/uploads\/2025\/06\/IMG_20250314_172758-768x1024.jpg\" data-fancybox=\"gallery\" data-options=\"{&quot;loop&quot;:&quot;true&quot;,&quot;transitionEffect&quot;:&quot;slide&quot;}\">\r\n\t\t\t<img decoding=\"async\" class=\"wp-spaios-slider-image\" src=\"https:\/\/boitesurmesure.com\/wp-content\/uploads\/2025\/06\/IMG_20250314_172758-768x1024.jpg\" alt=\"\" title=\"IMG_20250314_172758\" \/>\r\n\t\t<\/a>\r\n\t<\/div>\r\n<div class=\"swiper-slide\">\r\n\t\t\t<a class=\"wp-spaios-img-link\" href=\"https:\/\/boitesurmesure.com\/wp-content\/uploads\/2025\/06\/IMG_20250617_135520-1024x768.jpg\" data-fancybox=\"gallery\" data-options=\"{&quot;loop&quot;:&quot;true&quot;,&quot;transitionEffect&quot;:&quot;slide&quot;}\">\r\n\t\t\t<img decoding=\"async\" class=\"wp-spaios-slider-image\" src=\"https:\/\/boitesurmesure.com\/wp-content\/uploads\/2025\/06\/IMG_20250617_135520-1024x768.jpg\" alt=\"\" title=\"IMG_20250617_135520\" \/>\r\n\t\t<\/a>\r\n\t<\/div>\r\n<div class=\"swiper-slide\">\r\n\t\t\t<a class=\"wp-spaios-img-link\" href=\"https:\/\/boitesurmesure.com\/wp-content\/uploads\/2025\/06\/IMG_20250617_135513-1024x768.jpg\" data-fancybox=\"gallery\" data-options=\"{&quot;loop&quot;:&quot;true&quot;,&quot;transitionEffect&quot;:&quot;slide&quot;}\">\r\n\t\t\t<img decoding=\"async\" class=\"wp-spaios-slider-image\" src=\"https:\/\/boitesurmesure.com\/wp-content\/uploads\/2025\/06\/IMG_20250617_135513-1024x768.jpg\" alt=\"\" title=\"IMG_20250617_135513\" \/>\r\n\t\t<\/a>\r\n\t<\/div>\r\n<div class=\"swiper-slide\">\r\n\t\t\t<a class=\"wp-spaios-img-link\" href=\"https:\/\/boitesurmesure.com\/wp-content\/uploads\/2025\/06\/IMG_20250618_110749-768x1024.jpg\" data-fancybox=\"gallery\" data-options=\"{&quot;loop&quot;:&quot;true&quot;,&quot;transitionEffect&quot;:&quot;slide&quot;}\">\r\n\t\t\t<img decoding=\"async\" class=\"wp-spaios-slider-image\" src=\"https:\/\/boitesurmesure.com\/wp-content\/uploads\/2025\/06\/IMG_20250618_110749-768x1024.jpg\" alt=\"\" title=\"IMG_20250618_110749\" \/>\r\n\t\t<\/a>\r\n\t<\/div>\r\n<div class=\"swiper-slide\">\r\n\t\t\t<a class=\"wp-spaios-img-link\" href=\"https:\/\/boitesurmesure.com\/wp-content\/uploads\/2025\/06\/IMG_20250618_111955-1024x768.jpg\" data-fancybox=\"gallery\" data-options=\"{&quot;loop&quot;:&quot;true&quot;,&quot;transitionEffect&quot;:&quot;slide&quot;}\">\r\n\t\t\t<img decoding=\"async\" class=\"wp-spaios-slider-image\" src=\"https:\/\/boitesurmesure.com\/wp-content\/uploads\/2025\/06\/IMG_20250618_111955-1024x768.jpg\" alt=\"\" title=\"IMG_20250618_111955\" \/>\r\n\t\t<\/a>\r\n\t<\/div>\r\n<div class=\"swiper-slide\">\r\n\t\t\t<a class=\"wp-spaios-img-link\" href=\"https:\/\/boitesurmesure.com\/wp-content\/uploads\/2025\/06\/IMG_20250618_112007-768x1024.jpg\" data-fancybox=\"gallery\" data-options=\"{&quot;loop&quot;:&quot;true&quot;,&quot;transitionEffect&quot;:&quot;slide&quot;}\">\r\n\t\t\t<img decoding=\"async\" class=\"wp-spaios-slider-image\" src=\"https:\/\/boitesurmesure.com\/wp-content\/uploads\/2025\/06\/IMG_20250618_112007-768x1024.jpg\" alt=\"\" title=\"IMG_20250618_112007\" \/>\r\n\t\t<\/a>\r\n\t<\/div>\t\t\t\t\t\t<\/div>\n\t\t\t\t\t\t\t\t<div class=\"swiper-button-next\"><\/div>\n\t\t\t\t\t<div class=\"swiper-button-prev\"><\/div>\n\t\t\t\t\t\t\t\t\t<div class=\"swiper-pagination\"><\/div>\n\t\t\t\t\t\t<\/div>\n\t<\/div>\n\t\n","protected":false},"excerpt":{"rendered":"<p>\ud83d\udccf Comment bien prendre les mesures pour votre bo\u00eete Pour garantir que votre bo\u00eete \u00e9pouse parfaitement la forme de votre mod\u00e8le, il est essentiel de mesurer au plus serr\u00e9, sans laisser de jeu. \ud83d\udc49 Astuce pratique : placez votre mod\u00e8le entre deux bo\u00eetes ou objets stables pour le maintenir immobile. Cela vous permet d\u2019avoir les&hellip;&nbsp;<a href=\"https:\/\/boitesurmesure.com\/index.php\/fabrication\/\" rel=\"bookmark\">Lire la suite &raquo;<span class=\"screen-reader-text\">Fabrication<\/span><\/a><\/p>\n","protected":false},"author":2,"featured_media":0,"parent":0,"menu_order":0,"comment_status":"closed","ping_status":"closed","template":"","meta":{"neve_meta_sidebar":"","neve_meta_container":"","neve_meta_enable_content_width":"","neve_meta_content_width":0,"neve_meta_title_alignment":"center","neve_meta_author_avatar":"","neve_post_elements_order":"","neve_meta_disable_header":"","neve_meta_disable_footer":"","neve_meta_disable_title":"","_themeisle_gutenberg_block_has_review":false,"footnotes":""},"class_list":["post-537","page","type-page","status-publish","hentry"],"jetpack_sharing_enabled":true,"_links":{"self":[{"href":"https:\/\/boitesurmesure.com\/index.php\/wp-json\/wp\/v2\/pages\/537","targetHints":{"allow":["GET"]}}],"collection":[{"href":"https:\/\/boitesurmesure.com\/index.php\/wp-json\/wp\/v2\/pages"}],"about":[{"href":"https:\/\/boitesurmesure.com\/index.php\/wp-json\/wp\/v2\/types\/page"}],"author":[{"embeddable":true,"href":"https:\/\/boitesurmesure.com\/index.php\/wp-json\/wp\/v2\/users\/2"}],"replies":[{"embeddable":true,"href":"https:\/\/boitesurmesure.com\/index.php\/wp-json\/wp\/v2\/comments?post=537"}],"version-history":[{"count":10,"href":"https:\/\/boitesurmesure.com\/index.php\/wp-json\/wp\/v2\/pages\/537\/revisions"}],"predecessor-version":[{"id":987,"href":"https:\/\/boitesurmesure.com\/index.php\/wp-json\/wp\/v2\/pages\/537\/revisions\/987"}],"wp:attachment":[{"href":"https:\/\/boitesurmesure.com\/index.php\/wp-json\/wp\/v2\/media?parent=537"}],"curies":[{"name":"wp","href":"https:\/\/api.w.org\/{rel}","templated":true}]}}